 {"id":8064,"date":"2021-08-24T10:26:54","date_gmt":"2021-08-24T07:26:54","guid":{"rendered":"https:\/\/balthiv.com\/team"},"modified":"2025-11-10T17:05:03","modified_gmt":"2025-11-10T15:05:03","slug":"team","status":"publish","type":"page","link":"https:\/\/balthiv.com\/en\/team","title":{"rendered":"Team"},"content":{"rendered":"<div class=\"wpb-content-wrapper\"><p>[vc_row][vc_column][vc_custom_heading text=&#8221;BOARD&#8221; font_container=&#8221;tag:h2|font_size:44px|text_align:center|color:%23ed1c24&#8243; google_fonts=&#8221;font_family:Roboto%3A100%2C100italic%2C300%2C300italic%2Cregular%2Citalic%2C500%2C500italic%2C700%2C700italic%2C900%2C900italic|font_style:700%20bold%20regular%3A700%3Anormal&#8221; css=&#8221;.vc_custom_1626953506352{margin-top: 50px !important;}&#8221;][\/vc_column][\/vc_row][vc_row][vc_column width=&#8221;1\/3&#8243;]<div class='dt-sc-team hide-social-role-show-on-hover '><div class='dt-sc-team-thumb'><img loading=\"lazy\" decoding=\"async\" width=\"1874\" height=\"2048\" src=\"https:\/\/balthiv.com\/wp-content\/uploads\/2021\/08\/EDL-1874x2048-1.jpg\" class=\"attachment-full\" alt=\"\" title=\"CREATOR: gd-jpeg v1.0 (using IJG JPEG v62), quality = 82\" srcset=\"https:\/\/balthiv.com\/wp-content\/uploads\/2021\/08\/EDL-1874x2048-1.jpg 1874w, https:\/\/balthiv.com\/wp-content\/uploads\/2021\/08\/EDL-1874x2048-1-450x492.jpg 450w, https:\/\/balthiv.com\/wp-content\/uploads\/2021\/08\/EDL-1874x2048-1-750x820.jpg 750w, https:\/\/balthiv.com\/wp-content\/uploads\/2021\/08\/EDL-1874x2048-1-768x839.jpg 768w, https:\/\/balthiv.com\/wp-content\/uploads\/2021\/08\/EDL-1874x2048-1-1406x1536.jpg 1406w, https:\/\/balthiv.com\/wp-content\/uploads\/2021\/08\/EDL-1874x2048-1-18x20.jpg 18w\" sizes=\"auto, (max-width: 1874px) 100vw, 1874px\" \/><\/div><div class='dt-sc-team-details'><h4>Inga Upmace<\/h4><h5>Chairman of the Board<\/h5><p><\/p><\/div><\/div><div class='dt-sc-icon-box type4 '><div class=\"icon-wrapper\"><span class='zmdi zmdi-email-open zmdi-hc-fw'> <\/span><\/div><div class=\"icon-content\"><p><span style=\"font-size: 14pt;\"><a href=\"mailto:inga.upmace@balthiv.com\">balthiv@gmail.com<\/a><\/span><\/p><\/div><\/div>[\/vc_column][vc_column width=&#8221;1\/3&#8243;]<div class='dt-sc-team hide-social-role-show-on-hover '><div class='dt-sc-team-thumb'><img loading=\"lazy\" decoding=\"async\" width=\"2342\" height=\"2560\" src=\"https:\/\/balthiv.com\/wp-content\/uploads\/2021\/07\/EDL-scaled.jpg\" class=\"attachment-full\" alt=\"\" title=\"EDL\" srcset=\"https:\/\/balthiv.com\/wp-content\/uploads\/2021\/07\/EDL-scaled.jpg 2342w, https:\/\/balthiv.com\/wp-content\/uploads\/2021\/07\/EDL-scaled-450x492.jpg 450w, https:\/\/balthiv.com\/wp-content\/uploads\/2021\/07\/EDL-scaled-750x820.jpg 750w, https:\/\/balthiv.com\/wp-content\/uploads\/2021\/07\/EDL-scaled-768x839.jpg 768w, https:\/\/balthiv.com\/wp-content\/uploads\/2021\/07\/EDL-scaled-1405x1536.jpg 1405w, https:\/\/balthiv.com\/wp-content\/uploads\/2021\/07\/EDL-scaled-1874x2048.jpg 1874w, https:\/\/balthiv.com\/wp-content\/uploads\/2021\/07\/EDL-scaled-18x20.jpg 18w\" sizes=\"auto, (max-width: 2342px) 100vw, 2342px\" \/><\/div><div class='dt-sc-team-details'><h4>Evija Dompalma\u2013Linu\u017ea<\/h4><h5>Member of the Board<\/h5><p><\/p><\/div><\/div><div class='dt-sc-icon-box type4 '><div class=\"icon-wrapper\"><span class='zmdi zmdi-email-open zmdi-hc-fw'> <\/span><\/div><div class=\"icon-content\"><p><span style=\"font-size: 14pt;\"><a href=\"mailto:evija.dompalma@balthiv.com\">balthiv@gmail.com<\/a><\/span><\/p><\/div><\/div>[\/vc_column][vc_column width=&#8221;1\/3&#8243;][\/vc_column][\/vc_row][vc_row][vc_column][vc_custom_heading text=&#8221;TEAM&#8221; font_container=&#8221;tag:h2|font_size:44px|text_align:center|color:%23ed1c24&#8243; google_fonts=&#8221;font_family:Roboto%3A100%2C100italic%2C300%2C300italic%2Cregular%2Citalic%2C500%2C500italic%2C700%2C700italic%2C900%2C900italic|font_style:700%20bold%20regular%3A700%3Anormal&#8221; css=&#8221;.vc_custom_1629973880079{margin-top: 50px !important;margin-bottom: 50px !important;}&#8221;][\/vc_column][\/vc_row][vc_row equal_height=&#8221;yes&#8221;][vc_column width=&#8221;1\/3&#8243;]<div class='dt-sc-team hide-social-role-show-on-hover '><div class='dt-sc-team-thumb'><img loading=\"lazy\" decoding=\"async\" width=\"448\" height=\"557\" src=\"https:\/\/balthiv.com\/wp-content\/uploads\/2024\/03\/Katrina_Faibusevica-removebg.png\" class=\"attachment-full\" alt=\"\" title=\"Katr\u012bna_Faibu\u0161evi\u010da-removebg\" \/><\/div><div class='dt-sc-team-details'><h4>Katr\u012bna Faibu\u0161evi\u010da<\/h4><h5>HIV Consultant<\/h5><p><\/p><\/div><\/div>[\/vc_column][vc_column width=&#8221;1\/3&#8243;]<div class='dt-sc-team hide-social-role-show-on-hover '><div class='dt-sc-team-thumb'><img loading=\"lazy\" decoding=\"async\" width=\"454\" height=\"549\" src=\"https:\/\/balthiv.com\/wp-content\/uploads\/2024\/03\/Toni_Anzelo_Fernandes-remov.png\" class=\"attachment-full\" alt=\"\" title=\"Toni_An\u017eelo_Fernandes-remov\" srcset=\"https:\/\/balthiv.com\/wp-content\/uploads\/2024\/03\/Toni_Anzelo_Fernandes-remov.png 454w, https:\/\/balthiv.com\/wp-content\/uploads\/2024\/03\/Toni_Anzelo_Fernandes-remov-450x544.png 450w\" sizes=\"auto, (max-width: 454px) 100vw, 454px\" \/><\/div><div class='dt-sc-team-details'><h4>Toni An\u017eelo Fernandes<\/h4><h5>HIV Consultant<\/h5><p><\/p><\/div><\/div>[\/vc_column][vc_column width=&#8221;1\/3&#8243;]<div class='dt-sc-team hide-social-role-show-on-hover '><div class='dt-sc-team-thumb'><img loading=\"lazy\" decoding=\"async\" width=\"369\" height=\"477\" src=\"https:\/\/balthiv.com\/wp-content\/uploads\/2025\/07\/foto_Agate-1.png\" class=\"attachment-full\" alt=\"Agate Dosberga\" title=\"foto_Agate\" \/><\/div><div class='dt-sc-team-details'><h4>Agate Dosberga<\/h4><h5>Head of Testpunkts, HIV Consultant<\/h5><p><\/p><\/div><\/div>[\/vc_column][\/vc_row][vc_row equal_height=&#8221;yes&#8221;][vc_column width=&#8221;1\/3&#8243;]<div class='dt-sc-team hide-social-role-show-on-hover '><div class='dt-sc-team-thumb'><img loading=\"lazy\" decoding=\"async\" width=\"433\" height=\"577\" src=\"https:\/\/balthiv.com\/wp-content\/uploads\/2025\/03\/Ruta.png\" class=\"attachment-full\" alt=\"\" title=\"Ruta\" \/><\/div><div class='dt-sc-team-details'><h4>Estere Dolg\u0101<\/h4><h5>HIV Consultant<\/h5><p><\/p><\/div><\/div>[\/vc_column][vc_column width=&#8221;1\/3&#8243;]<div class='dt-sc-team hide-social-role-show-on-hover '><div class='dt-sc-team-thumb'><img loading=\"lazy\" decoding=\"async\" width=\"433\" height=\"577\" src=\"https:\/\/balthiv.com\/wp-content\/uploads\/2025\/03\/Estere.png\" class=\"attachment-full\" alt=\"\" title=\"Estere\" \/><\/div><div class='dt-sc-team-details'><h4>R\u016bta Sproga<\/h4><h5>HIV Consultant<\/h5><p><\/p><\/div><\/div>[\/vc_column][vc_column width=&#8221;1\/3&#8243;]<div class='dt-sc-team hide-social-role-show-on-hover '><div class='dt-sc-team-thumb'><img loading=\"lazy\" decoding=\"async\" width=\"468\" height=\"533\" src=\"https:\/\/balthiv.com\/wp-content\/uploads\/2024\/03\/Kristine_Ivanova2-removebg-preview.png\" class=\"attachment-full\" alt=\"\" title=\"Krist\u012bne_Ivanova2-removebg-preview\" srcset=\"https:\/\/balthiv.com\/wp-content\/uploads\/2024\/03\/Kristine_Ivanova2-removebg-preview.png 468w, https:\/\/balthiv.com\/wp-content\/uploads\/2024\/03\/Kristine_Ivanova2-removebg-preview-450x513.png 450w\" sizes=\"auto, (max-width: 468px) 100vw, 468px\" \/><\/div><div class='dt-sc-team-details'><h4>Krist\u012bne Ivanova<\/h4><h5>HIV Consultant<\/h5><p><\/p><\/div><\/div>[\/vc_column][\/vc_row][vc_row equal_height=&#8221;yes&#8221;][vc_column width=&#8221;1\/3&#8243;]<div class='dt-sc-team hide-social-role-show-on-hover '><div class='dt-sc-team-thumb'><img loading=\"lazy\" decoding=\"async\" width=\"1723\" height=\"2150\" src=\"https:\/\/balthiv.com\/wp-content\/uploads\/2024\/03\/Karlina_Kristiana_Zeltina-removebg2-1.png\" class=\"attachment-full\" alt=\"\" title=\"Karl\u012bna_Kristi\u0101na_Zelti\u0146a-removebg2\" srcset=\"https:\/\/balthiv.com\/wp-content\/uploads\/2024\/03\/Karlina_Kristiana_Zeltina-removebg2-1.png 1723w, https:\/\/balthiv.com\/wp-content\/uploads\/2024\/03\/Karlina_Kristiana_Zeltina-removebg2-1-450x562.png 450w, https:\/\/balthiv.com\/wp-content\/uploads\/2024\/03\/Karlina_Kristiana_Zeltina-removebg2-1-721x900.png 721w, https:\/\/balthiv.com\/wp-content\/uploads\/2024\/03\/Karlina_Kristiana_Zeltina-removebg2-1-768x958.png 768w, https:\/\/balthiv.com\/wp-content\/uploads\/2024\/03\/Karlina_Kristiana_Zeltina-removebg2-1-1231x1536.png 1231w, https:\/\/balthiv.com\/wp-content\/uploads\/2024\/03\/Karlina_Kristiana_Zeltina-removebg2-1-1641x2048.png 1641w\" sizes=\"auto, (max-width: 1723px) 100vw, 1723px\" \/><\/div><div class='dt-sc-team-details'><h4>Karl\u012bna Kristi\u0101na Zelti\u0146a<\/h4><h5>HIV Consultant<\/h5><p><\/p><\/div><\/div>[\/vc_column][vc_column width=&#8221;1\/3&#8243;]<div class='dt-sc-team hide-social-role-show-on-hover '><div class='dt-sc-team-thumb'><img loading=\"lazy\" decoding=\"async\" width=\"2096\" height=\"2560\" src=\"https:\/\/balthiv.com\/wp-content\/uploads\/2022\/05\/CD-001-scaled.jpg\" class=\"attachment-full\" alt=\"\" title=\"CD-001\" srcset=\"https:\/\/balthiv.com\/wp-content\/uploads\/2022\/05\/CD-001-scaled.jpg 2096w, https:\/\/balthiv.com\/wp-content\/uploads\/2022\/05\/CD-001-450x550.jpg 450w, https:\/\/balthiv.com\/wp-content\/uploads\/2022\/05\/CD-001-737x900.jpg 737w, https:\/\/balthiv.com\/wp-content\/uploads\/2022\/05\/CD-001-768x938.jpg 768w, https:\/\/balthiv.com\/wp-content\/uploads\/2022\/05\/CD-001-1257x1536.jpg 1257w, https:\/\/balthiv.com\/wp-content\/uploads\/2022\/05\/CD-001-1676x2048.jpg 1676w\" sizes=\"auto, (max-width: 2096px) 100vw, 2096px\" \/><\/div><div class='dt-sc-team-details'><h4>Ieva Siksaliete<\/h4><h5>Project Manager<\/h5><p><\/p><\/div><\/div>[\/vc_column][vc_column width=&#8221;1\/3&#8243;]<div class='dt-sc-team hide-social-role-show-on-hover '><div class='dt-sc-team-thumb'><img loading=\"lazy\" decoding=\"async\" width=\"2342\" height=\"2560\" src=\"https:\/\/balthiv.com\/wp-content\/uploads\/2021\/07\/EDL3-scaled.jpg\" class=\"attachment-full\" alt=\"\" title=\"EDL3\" srcset=\"https:\/\/balthiv.com\/wp-content\/uploads\/2021\/07\/EDL3-scaled.jpg 2342w, https:\/\/balthiv.com\/wp-content\/uploads\/2021\/07\/EDL3-scaled-450x492.jpg 450w, https:\/\/balthiv.com\/wp-content\/uploads\/2021\/07\/EDL3-scaled-750x820.jpg 750w, https:\/\/balthiv.com\/wp-content\/uploads\/2021\/07\/EDL3-scaled-768x839.jpg 768w, https:\/\/balthiv.com\/wp-content\/uploads\/2021\/07\/EDL3-scaled-1405x1536.jpg 1405w, https:\/\/balthiv.com\/wp-content\/uploads\/2021\/07\/EDL3-scaled-1874x2048.jpg 1874w, https:\/\/balthiv.com\/wp-content\/uploads\/2021\/07\/EDL3-scaled-18x20.jpg 18w\" sizes=\"auto, (max-width: 2342px) 100vw, 2342px\" \/><\/div><div class='dt-sc-team-details'><h4>M\u0101ra Veselova<\/h4><h5>Project Manager<\/h5><p><\/p><\/div><\/div>[\/vc_column][\/vc_row]<\/p>\n<\/div>","protected":false},"excerpt":{"rendered":"<p>[vc_row][vc_column][vc_custom_heading text=&#8221;BOARD&#8221; font_container=&#8221;tag:h2|font_size:44px|text_align:center|color:%23ed1c24&#8243; google_fonts=&#8221;font_family:Roboto%3A100%2C100italic%2C300%2C300italic%2Cregular%2Citalic%2C500%2C500italic%2C700%2C700italic%2C900%2C900italic|font_style:700%20bold%20regular%3A700%3Anormal&#8221; css=&#8221;.vc_custom_1626953506352{margin-top: 50px !important;}&#8221;][\/vc_column][\/vc_row][vc_row][vc_column width=&#8221;1\/3&#8243;][\/vc_column][vc_column width=&#8221;1\/3&#8243;][\/vc_column][vc_column width=&#8221;1\/3&#8243;][\/vc_column][\/vc_row][vc_row][vc_column][vc_custom_heading text=&#8221;TEAM&#8221; font_container=&#8221;tag:h2|font_size:44px|text_align:center|color:%23ed1c24&#8243; google_fonts=&#8221;font_family:Roboto%3A100%2C100italic%2C300%2C300italic%2Cregular%2Citalic%2C500%2C500italic%2C700%2C700italic%2C900%2C900italic|font_style:700%20bold%20regular%3A700%3Anormal&#8221; css=&#8221;.vc_custom_1629973880079{margin-top: 50px !important;margin-bottom: 50px !important;}&#8221;][\/vc_column][\/vc_row][vc_row equal_height=&#8221;yes&#8221;][vc_column width=&#8221;1\/3&#8243;][\/vc_column][vc_column width=&#8221;1\/3&#8243;][\/vc_column][vc_column width=&#8221;1\/3&#8243;][\/vc_column][\/vc_row][vc_row equal_height=&#8221;yes&#8221;][vc_column width=&#8221;1\/3&#8243;][\/vc_column][vc_column width=&#8221;1\/3&#8243;][\/vc_column][vc_column width=&#8221;1\/3&#8243;][\/vc_column][\/vc_row][vc_row equal_height=&#8221;yes&#8221;][vc_column width=&#8221;1\/3&#8243;][\/vc_column][vc_column width=&#8221;1\/3&#8243;][\/vc_column][vc_column width=&#8221;1\/3&#8243;][\/vc_column][\/vc_row]<\/p>\n","protected":false},"author":5,"featured_media":0,"parent":0,"menu_order":0,"comment_status":"closed","ping_status":"open","template":"","meta":{"_exactmetrics_skip_tracking":false,"_exactmetrics_sitenote_active":false,"_exactmetrics_sitenote_note":"","_exactmetrics_sitenote_category":0,"_monsterinsights_skip_tracking":false,"_monsterinsights_sitenote_active":false,"_monsterinsights_sitenote_note":"","_monsterinsights_sitenote_category":0,"ngg_post_thumbnail":0,"footnotes":""},"class_list":["post-8064","page","type-page","status-publish","hentry"],"yoast_head":"<!-- This site is optimized with the Yoast SEO plugin v27.4 - https:\/\/yoast.com\/product\/yoast-seo-wordpress\/ -->\n<title>Team - Baltijas HIV asoci\u0101cija<\/title>\n<meta name=\"robots\" content=\"index, follow, max-snippet:-1, max-image-preview:large, max-video-preview:-1\" \/>\n<link rel=\"canonical\" href=\"https:\/\/balthiv.com\/en\/team\" \/>\n<meta property=\"og:locale\" content=\"en_US\" \/>\n<meta property=\"og:type\" content=\"article\" \/>\n<meta property=\"og:title\" content=\"Team - Baltijas HIV asoci\u0101cija\" \/>\n<meta property=\"og:description\" content=\"[vc_row][vc_column][vc_custom_heading text=&#8221;BOARD&#8221; font_container=&#8221;tag:h2|font_size:44px|text_align:center|color:%23ed1c24&#8243; google_fonts=&#8221;font_family:Roboto%3A100%2C100italic%2C300%2C300italic%2Cregular%2Citalic%2C500%2C500italic%2C700%2C700italic%2C900%2C900italic|font_style:700%20bold%20regular%3A700%3Anormal&#8221; css=&#8221;.vc_custom_1626953506352{margin-top: 50px !important;}&#8221;][\/vc_column][\/vc_row][vc_row][vc_column width=&#8221;1\/3&#8243;][\/vc_column][vc_column width=&#8221;1\/3&#8243;][\/vc_column][vc_column width=&#8221;1\/3&#8243;][\/vc_column][\/vc_row][vc_row][vc_column][vc_custom_heading text=&#8221;TEAM&#8221; font_container=&#8221;tag:h2|font_size:44px|text_align:center|color:%23ed1c24&#8243; google_fonts=&#8221;font_family:Roboto%3A100%2C100italic%2C300%2C300italic%2Cregular%2Citalic%2C500%2C500italic%2C700%2C700italic%2C900%2C900italic|font_style:700%20bold%20regular%3A700%3Anormal&#8221; css=&#8221;.vc_custom_1629973880079{margin-top: 50px !important;margin-bottom: 50px !important;}&#8221;][\/vc_column][\/vc_row][vc_row equal_height=&#8221;yes&#8221;][vc_column width=&#8221;1\/3&#8243;][\/vc_column][vc_column width=&#8221;1\/3&#8243;][\/vc_column][vc_column width=&#8221;1\/3&#8243;][\/vc_column][\/vc_row][vc_row equal_height=&#8221;yes&#8221;][vc_column width=&#8221;1\/3&#8243;][\/vc_column][vc_column width=&#8221;1\/3&#8243;][\/vc_column][vc_column width=&#8221;1\/3&#8243;][\/vc_column][\/vc_row][vc_row equal_height=&#8221;yes&#8221;][vc_column width=&#8221;1\/3&#8243;][\/vc_column][vc_column width=&#8221;1\/3&#8243;][\/vc_column][vc_column width=&#8221;1\/3&#8243;][\/vc_column][\/vc_row]\" \/>\n<meta property=\"og:url\" content=\"https:\/\/balthiv.com\/en\/team\" \/>\n<meta property=\"og:site_name\" content=\"Baltijas HIV asoci\u0101cija\" \/>\n<meta property=\"article:publisher\" content=\"https:\/\/www.facebook.com\/balthiv\/?ref=bookmarksv\" \/>\n<meta property=\"article:modified_time\" content=\"2025-11-10T15:05:03+00:00\" \/>\n<meta name=\"twitter:card\" content=\"summary_large_image\" \/>\n<meta name=\"twitter:site\" content=\"@baltHIV\" \/>\n<meta name=\"twitter:label1\" content=\"Est. reading time\" \/>\n\t<meta name=\"twitter:data1\" content=\"1 minute\" \/>\n<script type=\"application\/ld+json\" class=\"yoast-schema-graph\">{\"@context\":\"https:\\\/\\\/schema.org\",\"@graph\":[{\"@type\":\"WebPage\",\"@id\":\"https:\\\/\\\/balthiv.com\\\/en\\\/team\",\"url\":\"https:\\\/\\\/balthiv.com\\\/en\\\/team\",\"name\":\"Team - Baltijas HIV asoci\u0101cija\",\"isPartOf\":{\"@id\":\"https:\\\/\\\/balthiv.com\\\/#website\"},\"datePublished\":\"2021-08-24T07:26:54+00:00\",\"dateModified\":\"2025-11-10T15:05:03+00:00\",\"breadcrumb\":{\"@id\":\"https:\\\/\\\/balthiv.com\\\/en\\\/team#breadcrumb\"},\"inLanguage\":\"en-US\",\"potentialAction\":[{\"@type\":\"ReadAction\",\"target\":[\"https:\\\/\\\/balthiv.com\\\/en\\\/team\"]}]},{\"@type\":\"BreadcrumbList\",\"@id\":\"https:\\\/\\\/balthiv.com\\\/en\\\/team#breadcrumb\",\"itemListElement\":[{\"@type\":\"ListItem\",\"position\":1,\"name\":\"Home\",\"item\":\"https:\\\/\\\/balthiv.com\\\/en\"},{\"@type\":\"ListItem\",\"position\":2,\"name\":\"Team\"}]},{\"@type\":\"WebSite\",\"@id\":\"https:\\\/\\\/balthiv.com\\\/#website\",\"url\":\"https:\\\/\\\/balthiv.com\\\/\",\"name\":\"Baltijas HIV asoci\u0101cija\",\"description\":\"\",\"publisher\":{\"@id\":\"https:\\\/\\\/balthiv.com\\\/#organization\"},\"potentialAction\":[{\"@type\":\"SearchAction\",\"target\":{\"@type\":\"EntryPoint\",\"urlTemplate\":\"https:\\\/\\\/balthiv.com\\\/?s={search_term_string}\"},\"query-input\":{\"@type\":\"PropertyValueSpecification\",\"valueRequired\":true,\"valueName\":\"search_term_string\"}}],\"inLanguage\":\"en-US\"},{\"@type\":\"Organization\",\"@id\":\"https:\\\/\\\/balthiv.com\\\/#organization\",\"name\":\"Baltijas HIV Asoci\u0101cija\",\"url\":\"https:\\\/\\\/balthiv.com\\\/\",\"logo\":{\"@type\":\"ImageObject\",\"inLanguage\":\"en-US\",\"@id\":\"https:\\\/\\\/balthiv.com\\\/#\\\/schema\\\/logo\\\/image\\\/\",\"url\":\"https:\\\/\\\/balthiv.com\\\/wp-content\\\/uploads\\\/2012\\\/10\\\/BaltHIV-logo.jpg\",\"contentUrl\":\"https:\\\/\\\/balthiv.com\\\/wp-content\\\/uploads\\\/2012\\\/10\\\/BaltHIV-logo.jpg\",\"width\":\"1772\",\"height\":\"1052\",\"caption\":\"Baltijas HIV Asoci\u0101cija\"},\"image\":{\"@id\":\"https:\\\/\\\/balthiv.com\\\/#\\\/schema\\\/logo\\\/image\\\/\"},\"sameAs\":[\"https:\\\/\\\/www.facebook.com\\\/balthiv\\\/?ref=bookmarksv\",\"https:\\\/\\\/x.com\\\/baltHIV\"]}]}<\/script>\n<!-- \/ Yoast SEO plugin. -->","yoast_head_json":{"title":"Team - Baltijas HIV asoci\u0101cija","robots":{"index":"index","follow":"follow","max-snippet":"max-snippet:-1","max-image-preview":"max-image-preview:large","max-video-preview":"max-video-preview:-1"},"canonical":"https:\/\/balthiv.com\/en\/team","og_locale":"en_US","og_type":"article","og_title":"Team - Baltijas HIV asoci\u0101cija","og_description":"[vc_row][vc_column][vc_custom_heading text=&#8221;BOARD&#8221; font_container=&#8221;tag:h2|font_size:44px|text_align:center|color:%23ed1c24&#8243; google_fonts=&#8221;font_family:Roboto%3A100%2C100italic%2C300%2C300italic%2Cregular%2Citalic%2C500%2C500italic%2C700%2C700italic%2C900%2C900italic|font_style:700%20bold%20regular%3A700%3Anormal&#8221; css=&#8221;.vc_custom_1626953506352{margin-top: 50px !important;}&#8221;][\/vc_column][\/vc_row][vc_row][vc_column width=&#8221;1\/3&#8243;][\/vc_column][vc_column width=&#8221;1\/3&#8243;][\/vc_column][vc_column width=&#8221;1\/3&#8243;][\/vc_column][\/vc_row][vc_row][vc_column][vc_custom_heading text=&#8221;TEAM&#8221; font_container=&#8221;tag:h2|font_size:44px|text_align:center|color:%23ed1c24&#8243; google_fonts=&#8221;font_family:Roboto%3A100%2C100italic%2C300%2C300italic%2Cregular%2Citalic%2C500%2C500italic%2C700%2C700italic%2C900%2C900italic|font_style:700%20bold%20regular%3A700%3Anormal&#8221; css=&#8221;.vc_custom_1629973880079{margin-top: 50px !important;margin-bottom: 50px !important;}&#8221;][\/vc_column][\/vc_row][vc_row equal_height=&#8221;yes&#8221;][vc_column width=&#8221;1\/3&#8243;][\/vc_column][vc_column width=&#8221;1\/3&#8243;][\/vc_column][vc_column width=&#8221;1\/3&#8243;][\/vc_column][\/vc_row][vc_row equal_height=&#8221;yes&#8221;][vc_column width=&#8221;1\/3&#8243;][\/vc_column][vc_column width=&#8221;1\/3&#8243;][\/vc_column][vc_column width=&#8221;1\/3&#8243;][\/vc_column][\/vc_row][vc_row equal_height=&#8221;yes&#8221;][vc_column width=&#8221;1\/3&#8243;][\/vc_column][vc_column width=&#8221;1\/3&#8243;][\/vc_column][vc_column width=&#8221;1\/3&#8243;][\/vc_column][\/vc_row]","og_url":"https:\/\/balthiv.com\/en\/team","og_site_name":"Baltijas HIV asoci\u0101cija","article_publisher":"https:\/\/www.facebook.com\/balthiv\/?ref=bookmarksv","article_modified_time":"2025-11-10T15:05:03+00:00","twitter_card":"summary_large_image","twitter_site":"@baltHIV","twitter_misc":{"Est. reading time":"1 minute"},"schema":{"@context":"https:\/\/schema.org","@graph":[{"@type":"WebPage","@id":"https:\/\/balthiv.com\/en\/team","url":"https:\/\/balthiv.com\/en\/team","name":"Team - Baltijas HIV asoci\u0101cija","isPartOf":{"@id":"https:\/\/balthiv.com\/#website"},"datePublished":"2021-08-24T07:26:54+00:00","dateModified":"2025-11-10T15:05:03+00:00","breadcrumb":{"@id":"https:\/\/balthiv.com\/en\/team#breadcrumb"},"inLanguage":"en-US","potentialAction":[{"@type":"ReadAction","target":["https:\/\/balthiv.com\/en\/team"]}]},{"@type":"BreadcrumbList","@id":"https:\/\/balthiv.com\/en\/team#breadcrumb","itemListElement":[{"@type":"ListItem","position":1,"name":"Home","item":"https:\/\/balthiv.com\/en"},{"@type":"ListItem","position":2,"name":"Team"}]},{"@type":"WebSite","@id":"https:\/\/balthiv.com\/#website","url":"https:\/\/balthiv.com\/","name":"Baltijas HIV asoci\u0101cija","description":"","publisher":{"@id":"https:\/\/balthiv.com\/#organization"},"potentialAction":[{"@type":"SearchAction","target":{"@type":"EntryPoint","urlTemplate":"https:\/\/balthiv.com\/?s={search_term_string}"},"query-input":{"@type":"PropertyValueSpecification","valueRequired":true,"valueName":"search_term_string"}}],"inLanguage":"en-US"},{"@type":"Organization","@id":"https:\/\/balthiv.com\/#organization","name":"Baltijas HIV Asoci\u0101cija","url":"https:\/\/balthiv.com\/","logo":{"@type":"ImageObject","inLanguage":"en-US","@id":"https:\/\/balthiv.com\/#\/schema\/logo\/image\/","url":"https:\/\/balthiv.com\/wp-content\/uploads\/2012\/10\/BaltHIV-logo.jpg","contentUrl":"https:\/\/balthiv.com\/wp-content\/uploads\/2012\/10\/BaltHIV-logo.jpg","width":"1772","height":"1052","caption":"Baltijas HIV Asoci\u0101cija"},"image":{"@id":"https:\/\/balthiv.com\/#\/schema\/logo\/image\/"},"sameAs":["https:\/\/www.facebook.com\/balthiv\/?ref=bookmarksv","https:\/\/x.com\/baltHIV"]}]}},"brizy_media":[],"_links":{"self":[{"href":"https:\/\/balthiv.com\/en\/wp-json\/wp\/v2\/pages\/8064","targetHints":{"allow":["GET"]}}],"collection":[{"href":"https:\/\/balthiv.com\/en\/wp-json\/wp\/v2\/pages"}],"about":[{"href":"https:\/\/balthiv.com\/en\/wp-json\/wp\/v2\/types\/page"}],"author":[{"embeddable":true,"href":"https:\/\/balthiv.com\/en\/wp-json\/wp\/v2\/users\/5"}],"replies":[{"embeddable":true,"href":"https:\/\/balthiv.com\/en\/wp-json\/wp\/v2\/comments?post=8064"}],"version-history":[{"count":14,"href":"https:\/\/balthiv.com\/en\/wp-json\/wp\/v2\/pages\/8064\/revisions"}],"predecessor-version":[{"id":9117,"href":"https:\/\/balthiv.com\/en\/wp-json\/wp\/v2\/pages\/8064\/revisions\/9117"}],"wp:attachment":[{"href":"https:\/\/balthiv.com\/en\/wp-json\/wp\/v2\/media?parent=8064"}],"curies":[{"name":"wp","href":"https:\/\/api.w.org\/{rel}","templated":true}]}}